{"id":611,"date":"2023-06-06T13:50:01","date_gmt":"2023-06-06T13:50:01","guid":{"rendered":"https:\/\/christais.rayzer.com.br\/?post_type=product&#038;p=611"},"modified":"2024-04-01T18:58:30","modified_gmt":"2024-04-01T18:58:30","slug":"village-marapendi","status":"publish","type":"product","link":"https:\/\/christais.rayzer.com.br\/index.php\/product\/village-marapendi\/","title":{"rendered":"Village Marapendi"},"content":{"rendered":"","protected":false},"excerpt":{"rendered":"<ul>\n<li>Condom\u00ednio: R$ 1.570,00<\/li>\n<li>IPTU 2021: R$ 22.956,12<\/li>\n<li>Casa constru\u00edda em terreno de 1000 m\u00b2<\/li>\n<\/ul>\n<p>Dados da casa:<\/p>\n<ul>\n<li>Casa da Frente\n<ul>\n<li>1\u00ba piso\n<ul>\n<li>4 quartos (sendo 3 su\u00edtes)<\/li>\n<li>1 banheiro social<\/li>\n<li>1 sala enorme<\/li>\n<li>1 cozinha<\/li>\n<li>1 varanda<\/li>\n<li>Elevador<\/li>\n<\/ul>\n<\/li>\n<li>2\u00ba piso\n<ul>\n<li>2 salas<\/li>\n<li>1 cozinha grande<\/li>\n<li>1 banheiro social<\/li>\n<li>2 quartos (sendo 1 su\u00edte)<\/li>\n<li>Elevador<\/li>\n<\/ul>\n<\/li>\n<li>3\u00ba piso\n<ul>\n<li>1 su\u00edte premium com closet e varanda<\/li>\n<li>1 banheiro social<\/li>\n<li>1 escrit\u00f3rio grande<\/li>\n<li>Elevador<\/li>\n<\/ul>\n<\/li>\n<\/ul>\n<\/li>\n<li>Casa dos fundos\n<ul>\n<li>1\u00ba piso\n<ul>\n<li>2 su\u00edtes<\/li>\n<li>1 banheiro virado pra piscina<\/li>\n<li>1 dep\u00f3sito<\/li>\n<\/ul>\n<\/li>\n<li>2\u00ba piso\n<ul>\n<li>3 quartos (sendo 1 su\u00edte separada)<\/li>\n<li>1 banheiro social<\/li>\n<li>1 sala<\/li>\n<li>1 cozinha<\/li>\n<li>1 c\u00f4modo grande com su\u00edte (mais afastado dos outros c\u00f4modos)<\/li>\n<\/ul>\n<\/li>\n<\/ul>\n<\/li>\n<li>Casa constru\u00edda em terreno de 1000 m\u00b2<\/li>\n<li>15 c\u00f4modos (entre quartos e dep\u00f3sitos)<\/li>\n<li>13 banheiros<\/li>\n<li>6 vagas na garagem<\/li>\n<li>Churrasqueira<\/li>\n<li>Piscina<\/li>\n<\/ul>\n<p>Condom\u00ednio com:<\/p>\n<ul>\n<li>Acesso \u00e0 balsa que leva \u00e0 paradis\u00edaca Praia da Reserva<\/li>\n<li>Seguran\u00e7a 24h<\/li>\n<li>Clube com campo de futebol, quadras de t\u00eanis, academia, casa de festas, churrascaria, cantina, entre outras atividades (tudo pago \u00e0 parte)<\/li>\n<li>Condom\u00ednio silencioso<\/li>\n<li>Espa\u00e7o playground ao ar livre com quadra de areia (livre acesso de dia)<\/li>\n<\/ul>\n","protected":false},"featured_media":631,"template":"","meta":{"site-sidebar-layout":"default","site-content-layout":"default","ast-global-header-display":"","ast-main-header-display":"","ast-hfb-above-header-display":"","ast-hfb-below-header-display":"","ast-hfb-mobile-header-display":"","site-post-title":"","ast-breadcrumbs-content":"","ast-featured-img":"","footer-sml-layout":"","theme-transparent-header-meta":"default","adv-header-id-meta":"","stick-header-meta":"","header-above-stick-meta":"","header-main-stick-meta":"","header-below-stick-meta":""},"product_cat":[19],"product_tag":[],"_links":{"self":[{"href":"https:\/\/christais.rayzer.com.br\/index.php\/wp-json\/wp\/v2\/product\/611"}],"collection":[{"href":"https:\/\/christais.rayzer.com.br\/index.php\/wp-json\/wp\/v2\/product"}],"about":[{"href":"https:\/\/christais.rayzer.com.br\/index.php\/wp-json\/wp\/v2\/types\/product"}],"wp:featuredmedia":[{"embeddable":true,"href":"https:\/\/christais.rayzer.com.br\/index.php\/wp-json\/wp\/v2\/media\/631"}],"wp:attachment":[{"href":"https:\/\/christais.rayzer.com.br\/index.php\/wp-json\/wp\/v2\/media?parent=611"}],"wp:term":[{"taxonomy":"product_cat","embeddable":true,"href":"https:\/\/christais.rayzer.com.br\/index.php\/wp-json\/wp\/v2\/product_cat?post=611"},{"taxonomy":"product_tag","embeddable":true,"href":"https:\/\/christais.rayzer.com.br\/index.php\/wp-json\/wp\/v2\/product_tag?post=611"}],"curies":[{"name":"wp","href":"https:\/\/api.w.org\/{rel}","templated":true}]}}